{"id":103,"date":"2024-10-25T09:07:36","date_gmt":"2024-10-25T09:07:36","guid":{"rendered":"https:\/\/meposad.de\/?page_id=103"},"modified":"2025-11-26T11:53:22","modified_gmt":"2025-11-26T11:53:22","slug":"werk-rohstoffe","status":"publish","type":"page","link":"https:\/\/meposad.de\/en\/werk-rohstoffe\/","title":{"rendered":"Metallpulver"},"content":{"rendered":"<p>[et_pb_section fb_built=&#8220;1&#8243; admin_label=&#8220;Headbanner&#8220; _builder_version=&#8220;4.27.2&#8243; _module_preset=&#8220;_initial&#8220; global_colors_info=&#8220;{}&#8220;][et_pb_row _builder_version=&#8220;4.27.2&#8243; _module_preset=&#8220;default&#8220; width=&#8220;100%&#8220; max_width=&#8220;100%&#8220; custom_padding=&#8220;0px||0px||false|false&#8220; global_colors_info=&#8220;{}&#8220;][et_pb_column type=&#8220;4_4&#8243; _builder_version=&#8220;4.27.2&#8243; _module_preset=&#8220;default&#8220; global_colors_info=&#8220;{}&#8220;][et_pb_image src=&#8220;https:\/\/meposad.de\/wp-content\/uploads\/2025\/11\/Metallwuerfel-1920&#215;400-1.webp&#8220; title_text=&#8220;Metallwuerfel 1920&#215;400&#8243; force_fullwidth=&#8220;on&#8220; _builder_version=&#8220;4.27.3&#8243; _module_preset=&#8220;default&#8220; global_colors_info=&#8220;{}&#8220;][\/et_pb_image][\/et_pb_column][\/et_pb_row][\/et_pb_section][et_pb_section fb_built=&#8220;1&#8243; admin_label=&#8220;Abschnitt 4&#8243; _builder_version=&#8220;4.27.3&#8243; _module_preset=&#8220;_initial&#8220; custom_padding=&#8220;50px||0px||false|false&#8220; global_colors_info=&#8220;{}&#8220;][et_pb_row _builder_version=&#8220;4.27.2&#8243; _module_preset=&#8220;default&#8220; global_colors_info=&#8220;{}&#8220;][et_pb_column type=&#8220;4_4&#8243; _builder_version=&#8220;4.27.2&#8243; _module_preset=&#8220;default&#8220; global_colors_info=&#8220;{}&#8220;][et_pb_text _builder_version=&#8220;4.27.3&#8243; _module_preset=&#8220;_initial&#8220; global_colors_info=&#8220;{}&#8220;]<\/p>\n<h2>Ma\u00dfgeschneiderte Metallpulver f\u00fcr die additive Fertigung und Beschichtung<\/h2>\n<p>[\/et_pb_text][et_pb_text _builder_version=&#8220;4.27.3&#8243; _module_preset=&#8220;_initial&#8220; global_colors_info=&#8220;{}&#8220;]<\/p>\n<p>Mit unserem VIGA-System sind wir in der Lage, eine breite Palette von Metallpulver zu produzieren \u2013 von <b>Fe<\/b><b>-, Ni- bis hin zu <\/b><b>Cu<\/b><b>-basierten Legierungen<\/b>.<\/p>\n<p>Unser Schwerpunkt liegt auf <b>kundenspezifischen Legierungen<\/b>, die wir gezielt nach den Anforderungen unserer Kunden entwickeln und herstellen.<\/p>\n<p>Auf Basis bew\u00e4hrter Standardlegierungen haben wir unser Know-how kontinuierlich erweitert und k\u00f6nnen heute auch komplexe, speziell angepasste Zusammensetzungen realisieren. Die unten dargestellte \u00dcbersicht zeigt unser aktuelles Spektrum an Legierungen, die wir produzieren k\u00f6nnen. Je nach Bedarf passen wir <b>die chemische Zusammensetzung und die Partikelgr\u00f6\u00dfenverteilung <\/b>individuell an.<\/p>\n<p>Wir bieten unsere Pulver in allen typischen <b>Fraktionen f\u00fcr additive Fertigung (AM)<\/b> sowie <b>Beschichtungsverfahren<\/b> an.\u00a0<\/p>\n<p>[\/et_pb_text][\/et_pb_column][\/et_pb_row][et_pb_row column_structure=&#8220;1_3,1_3,1_3&#8243; use_custom_gutter=&#8220;on&#8220; gutter_width=&#8220;2&#8243; make_equal=&#8220;on&#8220; _builder_version=&#8220;4.27.3&#8243; _module_preset=&#8220;default&#8220; global_colors_info=&#8220;{}&#8220; disabled_on=&#8220;on|on|on&#8220; disabled=&#8220;on&#8220;][et_pb_column type=&#8220;1_3&#8243; _builder_version=&#8220;4.27.3&#8243; _module_preset=&#8220;default&#8220; background_color=&#8220;#c8c9c7&#8243; custom_padding=&#8220;20px|20px|20px|20px|true|true&#8220; link_option_url=&#8220;\/nial-01\/&#8220; global_colors_info=&#8220;{}&#8220;][et_pb_text _builder_version=&#8220;4.27.3&#8243; _module_preset=&#8220;_initial&#8220; header_3_font=&#8220;||||||||&#8220; header_3_text_color=&#8220;#000000&#8243; header_3_font_size=&#8220;18px&#8220; global_colors_info=&#8220;{}&#8220;]<\/p>\n<h3>MEPOSAD NiAl 01<\/h3>\n<hr \/>\n<p>Ni-basierte Legierung mit hohem Al- und Mo-Anteile f\u00fcr leistungsstarke Raney-Nickel-Elektroden<br \/>\n<a href=\"\/nial-01\/\">mehr lesen<\/a>[\/et_pb_text][\/et_pb_column][et_pb_column type=&#8220;1_3&#8243; _builder_version=&#8220;4.27.3&#8243; _module_preset=&#8220;default&#8220; background_color=&#8220;#c8c9c7&#8243; custom_padding=&#8220;20px|20px|20px|20px|true|true&#8220; global_colors_info=&#8220;{}&#8220;][et_pb_text _builder_version=&#8220;4.27.3&#8243; _module_preset=&#8220;_initial&#8220; header_3_font=&#8220;||||||||&#8220; header_3_text_color=&#8220;#000000&#8243; header_3_font_size=&#8220;18px&#8220; global_colors_info=&#8220;{}&#8220;]<\/p>\n<h3>MEPOSAD Fe-NbTiC 01<\/h3>\n<hr \/>\n<p>Fe-Basis in-situ Metall-Matrix-Composite f\u00fcr Beschichtung von Bremsscheiben<\/p>\n<p>[\/et_pb_text][\/et_pb_column][et_pb_column type=&#8220;1_3&#8243; _builder_version=&#8220;4.27.3&#8243; _module_preset=&#8220;default&#8220; background_color=&#8220;#c8c9c7&#8243; custom_padding=&#8220;20px|20px|20px|20px|true|true&#8220; link_option_url=&#8220;\/fe-nbtic-02\/&#8220; global_colors_info=&#8220;{}&#8220;][et_pb_text _builder_version=&#8220;4.27.3&#8243; _module_preset=&#8220;_initial&#8220; header_3_font=&#8220;||||||||&#8220; header_3_text_color=&#8220;#000000&#8243; header_3_font_size=&#8220;18px&#8220; global_colors_info=&#8220;{}&#8220;]<\/p>\n<h3>MEPOSAD Fe-NbTiC 02<\/h3>\n<hr \/>\n<p>Signifikant erh\u00f6hte Festigkeit und Verschlei\u00dfbest\u00e4ndigkeit durch nanoskalige MC-Partikel f\u00fcr hochbelastete, korrosionsfeste AM-Bauteile<br \/><a href=\"\/fe-nbtic-02\/\">mehr lesen<\/a><\/p>\n<p>[\/et_pb_text][\/et_pb_column][\/et_pb_row][et_pb_row column_structure=&#8220;1_3,1_3,1_3&#8243; use_custom_gutter=&#8220;on&#8220; gutter_width=&#8220;2&#8243; make_equal=&#8220;on&#8220; _builder_version=&#8220;4.27.4&#8243; _module_preset=&#8220;default&#8220; hover_enabled=&#8220;0&#8243; global_colors_info=&#8220;{}&#8220; sticky_enabled=&#8220;0&#8243;][et_pb_column type=&#8220;1_3&#8243; _builder_version=&#8220;4.27.3&#8243; _module_preset=&#8220;default&#8220; background_color=&#8220;#c8c9c7&#8243; custom_padding=&#8220;20px|20px|20px|20px|true|true&#8220; link_option_url=&#8220;\/nial-01\/&#8220; global_colors_info=&#8220;{}&#8220;][et_pb_text _builder_version=&#8220;4.27.3&#8243; _module_preset=&#8220;_initial&#8220; header_3_font=&#8220;||||||||&#8220; header_3_text_color=&#8220;#000000&#8243; header_3_font_size=&#8220;18px&#8220; global_colors_info=&#8220;{}&#8220;]<\/p>\n<h3>MEPOSAD NiAl 01<\/h3>\n<hr \/>\n<p>Ni-basierte Legierung mit hohem Al- und Mo-Anteile f\u00fcr leistungsstarke Raney-Nickel-Elektroden<br \/>\n<a href=\"\/nial-01\/\">mehr lesen<\/a>[\/et_pb_text][\/et_pb_column][et_pb_column type=&#8220;1_3&#8243; _builder_version=&#8220;4.27.3&#8243; _module_preset=&#8220;default&#8220; background_color=&#8220;#808285&#8243; custom_padding=&#8220;20px|20px|20px|20px|true|true&#8220; global_colors_info=&#8220;{}&#8220;][et_pb_text _builder_version=&#8220;4.27.3&#8243; _module_preset=&#8220;_initial&#8220; header_3_font=&#8220;||||||||&#8220; header_3_text_color=&#8220;#000000&#8243; header_3_font_size=&#8220;18px&#8220; background_layout=&#8220;dark&#8220; global_colors_info=&#8220;{}&#8220;]<\/p>\n<h3>MEPOSAD 316L<\/h3>\n<hr \/>\n<p>Austenitischer Edelstahl; Hauptelemente:<br \/>Cr, Ni, Mo. Hervorragende Korrosions\u00adbest\u00e4ndigkeit f\u00fcr anspruchsvolle chemische und maritime Anwendungen.<\/p>\n<p>[\/et_pb_text][\/et_pb_column][et_pb_column type=&#8220;1_3&#8243; _builder_version=&#8220;4.27.3&#8243; _module_preset=&#8220;default&#8220; background_color=&#8220;#808285&#8243; custom_padding=&#8220;20px|20px|20px|20px|true|true&#8220; global_colors_info=&#8220;{}&#8220;][et_pb_text _builder_version=&#8220;4.27.3&#8243; _module_preset=&#8220;_initial&#8220; header_3_font=&#8220;||||||||&#8220; header_3_text_color=&#8220;#000000&#8243; header_3_font_size=&#8220;18px&#8220; background_layout=&#8220;dark&#8220; global_colors_info=&#8220;{}&#8220;]<\/p>\n<h3>MEPOSAD 1.2709<\/h3>\n<hr>\n<p>Maraging-Stahl; Hauptelemente: <\/br>Ni, Co, Mo, Ti. Extrem hohe Festigkeit und Ma\u00dfstabilit\u00e4t f\u00fcr Werkzeuge und Strukturbauteile.[\/et_pb_text][\/et_pb_column][\/et_pb_row][et_pb_row column_structure=&#8220;1_3,1_3,1_3&#8243; use_custom_gutter=&#8220;on&#8220; gutter_width=&#8220;2&#8243; make_equal=&#8220;on&#8220; _builder_version=&#8220;4.27.3&#8243; _module_preset=&#8220;default&#8220; global_colors_info=&#8220;{}&#8220;][et_pb_column type=&#8220;1_3&#8243; _builder_version=&#8220;4.27.3&#8243; _module_preset=&#8220;default&#8220; background_color=&#8220;#808285&#8243; custom_padding=&#8220;20px|20px|20px|20px|true|true&#8220; global_colors_info=&#8220;{}&#8220;][et_pb_text _builder_version=&#8220;4.27.3&#8243; _module_preset=&#8220;_initial&#8220; header_3_font=&#8220;||||||||&#8220; header_3_text_color=&#8220;#000000&#8243; header_3_font_size=&#8220;18px&#8220; background_layout=&#8220;dark&#8220; global_colors_info=&#8220;{}&#8220;]<\/p>\n<h3>MEPOSAD H13 <\/h3>\n<hr>\n<p>Warmarbeitsstahl; Hauptelemente: <\/br>Cr, Mo, V. Hohe Warmfestigkeit und Rissbest\u00e4ndigkeit f\u00fcr thermisch belastete Werkzeug- und Formbauteile.[\/et_pb_text][\/et_pb_column][et_pb_column type=&#8220;1_3&#8243; _builder_version=&#8220;4.27.3&#8243; _module_preset=&#8220;default&#8220; background_color=&#8220;#808285&#8243; custom_padding=&#8220;20px|20px|20px|20px|true|true&#8220; global_colors_info=&#8220;{}&#8220;][et_pb_text _builder_version=&#8220;4.27.3&#8243; _module_preset=&#8220;_initial&#8220; header_3_font=&#8220;||||||||&#8220; header_3_text_color=&#8220;#000000&#8243; header_3_font_size=&#8220;18px&#8220; background_layout=&#8220;dark&#8220; global_colors_info=&#8220;{}&#8220;]<\/p>\n<h3>MEPOSAD 1.4410<\/h3>\n<hr>\n<p>Superduplex-Edelstahl; Hauptelemente: <\/br>Cr, Ni, Mo, N. Maximale Korrosions- und Spannungsrissbest\u00e4ndigkeit f\u00fcr Offshore- und Energieanlagen.[\/et_pb_text][\/et_pb_column][et_pb_column type=&#8220;1_3&#8243; _builder_version=&#8220;4.27.3&#8243; _module_preset=&#8220;default&#8220; background_color=&#8220;#808285&#8243; custom_padding=&#8220;20px|20px|20px|20px|true|true&#8220; global_colors_info=&#8220;{}&#8220;][et_pb_text _builder_version=&#8220;4.27.3&#8243; _module_preset=&#8220;_initial&#8220; link_text_color=&#8220;#FFFFFF&#8220; header_3_font=&#8220;||||||||&#8220; header_3_text_color=&#8220;#000000&#8243; header_3_font_size=&#8220;18px&#8220; background_layout=&#8220;dark&#8220; global_colors_info=&#8220;{}&#8220;]<\/p>\n<h3>MEPOSAD 15-5PH<\/h3>\n<hr \/>\n<p>Ausscheidungsh\u00e4rtbarer Edelstahl; Hauptelemente: Cr, Ni, Cu. Hohe Festigkeit bei gleichzeitig guter Z\u00e4higkeit f\u00fcr Luftfahrt- und Pr\u00e4zisionskomponenten.<\/p>\n<p>[\/et_pb_text][\/et_pb_column][\/et_pb_row][et_pb_row column_structure=&#8220;1_3,1_3,1_3&#8243; use_custom_gutter=&#8220;on&#8220; gutter_width=&#8220;2&#8243; make_equal=&#8220;on&#8220; _builder_version=&#8220;4.27.3&#8243; _module_preset=&#8220;default&#8220; global_colors_info=&#8220;{}&#8220;][et_pb_column type=&#8220;1_3&#8243; _builder_version=&#8220;4.27.3&#8243; _module_preset=&#8220;default&#8220; background_color=&#8220;#808285&#8243; custom_padding=&#8220;20px|20px|20px|20px|true|true&#8220; global_colors_info=&#8220;{}&#8220;][et_pb_text _builder_version=&#8220;4.27.3&#8243; _module_preset=&#8220;_initial&#8220; link_text_color=&#8220;#FFFFFF&#8220; header_3_font=&#8220;||||||||&#8220; header_3_text_color=&#8220;#000000&#8243; header_3_font_size=&#8220;18px&#8220; background_layout=&#8220;dark&#8220; global_colors_info=&#8220;{}&#8220;]<\/p>\n<h3>MEPOSAD M2<\/h3>\n<hr \/>\n<p>Schnellarbeitsstahl; Hauptelemente: <br \/>W, Mo, V, Cr. Exzellente Verschlei\u00df- und Schneidleistung f\u00fcr Hochleistungswerkzeuge.<\/p>\n<p>[\/et_pb_text][\/et_pb_column][et_pb_column type=&#8220;1_3&#8243; _builder_version=&#8220;4.27.3&#8243; _module_preset=&#8220;default&#8220; background_color=&#8220;#4b5b6e&#8220; custom_padding=&#8220;20px|20px|20px|20px|true|true&#8220; global_colors_info=&#8220;{}&#8220;][et_pb_text _builder_version=&#8220;4.27.3&#8243; _module_preset=&#8220;_initial&#8220; header_text_color=&#8220;#FFFFFF&#8220; header_3_font=&#8220;||||||||&#8220; header_3_text_color=&#8220;#FFFFFF&#8220; header_3_font_size=&#8220;18px&#8220; background_layout=&#8220;dark&#8220; global_colors_info=&#8220;{}&#8220;]<\/p>\n<h3>MEPOSAD IN718<\/h3>\n<hr>\n<p>Ni-basierte Superlegierung; Hauptelemente: <\/br>Ni, Cr, Fe, Nb, Mo. \u00dcberragende Hochtemperatur- und Erm\u00fcdungsfestigkeit f\u00fcr Turbinen und Raumfahrt.[\/et_pb_text][\/et_pb_column][et_pb_column type=&#8220;1_3&#8243; _builder_version=&#8220;4.27.3&#8243; _module_preset=&#8220;default&#8220; background_color=&#8220;#BD1321&#8243; custom_padding=&#8220;20px|20px|20px|20px|true|true&#8220; global_colors_info=&#8220;{}&#8220;][et_pb_text _builder_version=&#8220;4.27.3&#8243; _module_preset=&#8220;_initial&#8220; link_text_color=&#8220;#FFFFFF&#8220; header_3_font=&#8220;||||||||&#8220; header_3_text_color=&#8220;#FFFFFF&#8220; header_3_font_size=&#8220;18px&#8220; background_layout=&#8220;dark&#8220; global_colors_info=&#8220;{}&#8220;]<\/p>\n<h3>MEPOSAD GRCop42<\/h3>\n<hr>\n<p>Cu-Legierung f\u00fcr Hochtemperatur; Hauptelemente: Cu, Cr, Nb. Au\u00dfer&shy;ordentliche W\u00e4rmeleitf\u00e4higkeit und Temperaturstabilit\u00e4t f\u00fcr Raketen- und Hochleistungs-k\u00fchlkan\u00e4le.[\/et_pb_text][\/et_pb_column][\/et_pb_row][et_pb_row column_structure=&#8220;1_3,1_3,1_3&#8243; use_custom_gutter=&#8220;on&#8220; gutter_width=&#8220;2&#8243; make_equal=&#8220;on&#8220; _builder_version=&#8220;4.27.3&#8243; _module_preset=&#8220;default&#8220; global_colors_info=&#8220;{}&#8220;][et_pb_column type=&#8220;1_3&#8243; _builder_version=&#8220;4.27.3&#8243; _module_preset=&#8220;default&#8220; background_color=&#8220;#BD1321&#8243; custom_padding=&#8220;20px|20px|20px|20px|true|true&#8220; global_colors_info=&#8220;{}&#8220;][et_pb_text _builder_version=&#8220;4.27.3&#8243; _module_preset=&#8220;_initial&#8220; link_text_color=&#8220;#FFFFFF&#8220; header_3_font=&#8220;||||||||&#8220; header_3_text_color=&#8220;#FFFFFF&#8220; header_3_font_size=&#8220;18px&#8220; background_layout=&#8220;dark&#8220; global_colors_info=&#8220;{}&#8220;]<\/p>\n<h3>MEPOSAD CuSn12Ni2<\/h3>\n<hr>\n<p>Bronzelegierung; Hauptelemente: <\/br>Cu, Sn, Ni. Hohe Verschlei\u00df- und Gleitf\u00e4higkeit f\u00fcr Lager-, Gleit- und Reibkomponenten.[\/et_pb_text][\/et_pb_column][et_pb_column _builder_version=&#8220;4.27.4&#8243; _module_preset=&#8220;default&#8220; type=&#8220;1_3&#8243;][\/et_pb_column][et_pb_column _builder_version=&#8220;4.27.4&#8243; _module_preset=&#8220;default&#8220; type=&#8220;1_3&#8243;][\/et_pb_column][\/et_pb_row][et_pb_row _builder_version=&#8220;4.27.3&#8243; _module_preset=&#8220;default&#8220; global_colors_info=&#8220;{}&#8220;][et_pb_column type=&#8220;4_4&#8243; _builder_version=&#8220;4.27.3&#8243; _module_preset=&#8220;default&#8220; global_colors_info=&#8220;{}&#8220;][\/et_pb_column][\/et_pb_row][\/et_pb_section]<\/p>\n","protected":false},"excerpt":{"rendered":"<p>Ma\u00dfgeschneiderte Metallpulver f\u00fcr die additive Fertigung und BeschichtungMit unserem VIGA-System sind wir in der Lage, eine breite Palette von Metallpulver zu produzieren \u2013 von Fe-, Ni- bis hin zu Cu-basierten Legierungen. Unser Schwerpunkt liegt auf kundenspezifischen Legierungen, die wir gezielt nach den Anforderungen unserer Kunden entwickeln und herstellen. Auf Basis bew\u00e4hrter Standardlegierungen haben wir unser [&hellip;]<\/p>\n","protected":false},"author":2,"featured_media":0,"parent":0,"menu_order":0,"comment_status":"closed","ping_status":"closed","template":"","meta":{"_et_pb_use_builder":"on","_et_pb_old_content":"","_et_gb_content_width":"","footnotes":""},"class_list":["post-103","page","type-page","status-publish","hentry"],"_links":{"self":[{"href":"https:\/\/meposad.de\/en\/wp-json\/wp\/v2\/pages\/103","targetHints":{"allow":["GET"]}}],"collection":[{"href":"https:\/\/meposad.de\/en\/wp-json\/wp\/v2\/pages"}],"about":[{"href":"https:\/\/meposad.de\/en\/wp-json\/wp\/v2\/types\/page"}],"author":[{"embeddable":true,"href":"https:\/\/meposad.de\/en\/wp-json\/wp\/v2\/users\/2"}],"replies":[{"embeddable":true,"href":"https:\/\/meposad.de\/en\/wp-json\/wp\/v2\/comments?post=103"}],"version-history":[{"count":17,"href":"https:\/\/meposad.de\/en\/wp-json\/wp\/v2\/pages\/103\/revisions"}],"predecessor-version":[{"id":830,"href":"https:\/\/meposad.de\/en\/wp-json\/wp\/v2\/pages\/103\/revisions\/830"}],"wp:attachment":[{"href":"https:\/\/meposad.de\/en\/wp-json\/wp\/v2\/media?parent=103"}],"curies":[{"name":"wp","href":"https:\/\/api.w.org\/{rel}","templated":true}]}}