{"id":111,"date":"2024-10-25T10:25:38","date_gmt":"2024-10-25T10:25:38","guid":{"rendered":"https:\/\/meposad.de\/?page_id=111"},"modified":"2025-11-26T11:51:15","modified_gmt":"2025-11-26T11:51:15","slug":"referenzen","status":"publish","type":"page","link":"https:\/\/meposad.de\/en\/referenzen\/","title":{"rendered":"Referenzen"},"content":{"rendered":"<p>[et_pb_section fb_built=&#8220;1&#8243; admin_label=&#8220;Headbanner&#8220; _builder_version=&#8220;4.27.2&#8243; _module_preset=&#8220;_initial&#8220; global_colors_info=&#8220;{}&#8220;][et_pb_row _builder_version=&#8220;4.27.2&#8243; _module_preset=&#8220;default&#8220; width=&#8220;100%&#8220; max_width=&#8220;100%&#8220; custom_padding=&#8220;0px||0px||false|false&#8220; global_colors_info=&#8220;{}&#8220;][et_pb_column type=&#8220;4_4&#8243; _builder_version=&#8220;4.27.2&#8243; _module_preset=&#8220;default&#8220; global_colors_info=&#8220;{}&#8220;][et_pb_image src=&#8220;https:\/\/meposad.de\/wp-content\/uploads\/2025\/11\/ReferenzenNeu-1920&#215;400-1.webp&#8220; title_text=&#8220;ReferenzenNeu 1920&#215;400&#8243; force_fullwidth=&#8220;on&#8220; _builder_version=&#8220;4.27.3&#8243; _module_preset=&#8220;default&#8220; global_colors_info=&#8220;{}&#8220;][\/et_pb_image][\/et_pb_column][\/et_pb_row][\/et_pb_section][et_pb_section fb_built=&#8220;1&#8243; admin_label=&#8220;Abschnitt 4&#8243; _builder_version=&#8220;4.27.2&#8243; _module_preset=&#8220;_initial&#8220; custom_padding=&#8220;50px||0px||false|false&#8220; global_colors_info=&#8220;{}&#8220;][et_pb_row _builder_version=&#8220;4.27.2&#8243; _module_preset=&#8220;default&#8220; global_colors_info=&#8220;{}&#8220;][et_pb_column type=&#8220;4_4&#8243; _builder_version=&#8220;4.27.2&#8243; _module_preset=&#8220;default&#8220; global_colors_info=&#8220;{}&#8220;][et_pb_text _builder_version=&#8220;4.27.3&#8243; _module_preset=&#8220;_initial&#8220; global_colors_info=&#8220;{}&#8220;]<\/p>\n<h2>Referenzen \u2013 Innovationen aus unseren F&#038;E-Projekten<br \/>\n<\/h2>\n<p>[\/et_pb_text][et_pb_text _builder_version=&#8220;4.27.3&#8243; _module_preset=&#8220;_initial&#8220; global_colors_info=&#8220;{}&#8220;]<\/p>\n<p>Wir sind aktiv in <strong>Forschungs- und Entwicklungsprojekten<\/strong> t\u00e4tig \u2013 sowohl als <strong>Auftragsentwickler<\/strong> f\u00fcr unsere Kunden als auch mit <strong>eigenen Innovationsinitiativen.<\/strong><br \/>Durch unsere <strong>ma\u00dfgeschneiderten Pulverl\u00f6sungen<\/strong> verwirklichen wir die Visionen unserer Kunden und tragen dazu bei, <strong>neue Werkstoffkonzepte<\/strong> in die Praxis umzusetzen.<\/p>\n<p>Wir stellen uns gerne den Herausforderungen und vertiefen unser Know-how in der Herstellung <strong>anspruchsvollster Pulverlegierungen.<\/strong> Dabei optimieren und modifizieren wir bei Bedarf sogar unsere Produktionsanlagen, um die h\u00f6chsten Anforderungen an Qualit\u00e4t, Reinheit und Prozesssicherheit zu erf\u00fcllen.<\/p>\n<p>Unten finden Sie eine <strong>Auswahl an Projekten<\/strong> mit ihren Kernergebnissen.<br \/>Selbstverst\u00e4ndlich zeigen wir hier nur ausgew\u00e4hlte Konzepte und Ideen \u2013 die vollst\u00e4ndigen L\u00f6sungen bleiben unseren Partnern vorbehalten.<\/p>\n<p>[\/et_pb_text][\/et_pb_column][\/et_pb_row][et_pb_row column_structure=&#8220;1_3,1_3,1_3&#8243; use_custom_gutter=&#8220;on&#8220; gutter_width=&#8220;2&#8243; make_equal=&#8220;on&#8220; _builder_version=&#8220;4.27.3&#8243; _module_preset=&#8220;default&#8220; hover_enabled=&#8220;0&#8243; global_colors_info=&#8220;{}&#8220; sticky_enabled=&#8220;0&#8243; disabled_on=&#8220;on|on|on&#8220; disabled=&#8220;on&#8220;][et_pb_column type=&#8220;1_3&#8243; _builder_version=&#8220;4.27.3&#8243; _module_preset=&#8220;default&#8220; background_color=&#8220;#868786&#8243; custom_padding=&#8220;20px|20px|20px|20px|true|true&#8220; global_colors_info=&#8220;{}&#8220;][et_pb_image src=&#8220;https:\/\/meposad.de\/wp-content\/uploads\/2025\/11\/Fe-NbTiC01-980&#215;613-1.webp&#8220; title_text=&#8220;Fe NbTiC01 980&#215;613&#8243; _builder_version=&#8220;4.27.3&#8243; _module_preset=&#8220;default&#8220; global_colors_info=&#8220;{}&#8220;][\/et_pb_image][et_pb_text _builder_version=&#8220;4.27.3&#8243; _module_preset=&#8220;_initial&#8220; header_3_font=&#8220;||||||||&#8220; header_3_text_color=&#8220;#000000&#8243; header_3_font_size=&#8220;18px&#8220; background_layout=&#8220;dark&#8220; global_colors_info=&#8220;{}&#8220;]<\/p>\n<h3>MEPOSAD Fe-NbTiC 01<\/h3>\n<p>Ein innovatives Legierungskonzept auf Basis von in-situ Metall-Matrix-Composite f\u00fcr Beschichtung von Bremsscheiben<\/p>\n<p>[\/et_pb_text][\/et_pb_column][et_pb_column type=&#8220;1_3&#8243; _builder_version=&#8220;4.27.3&#8243; _module_preset=&#8220;default&#8220; background_color=&#8220;#868786&#8243; custom_padding=&#8220;20px|20px|20px|20px|true|true&#8220; link_option_url=&#8220;\/fe-nbtic-02\/&#8220; global_colors_info=&#8220;{}&#8220;][et_pb_image src=&#8220;https:\/\/meposad.de\/wp-content\/uploads\/2025\/11\/Logo-wbk-980&#215;613-1.webp&#8220; title_text=&#8220;Logo Wbk 980&#215;613&#8243; _builder_version=&#8220;4.27.3&#8243; _module_preset=&#8220;default&#8220; global_colors_info=&#8220;{}&#8220;][\/et_pb_image][et_pb_text _builder_version=&#8220;4.27.3&#8243; _module_preset=&#8220;_initial&#8220; header_3_font=&#8220;||||||||&#8220; header_3_text_color=&#8220;#000000&#8243; header_3_font_size=&#8220;18px&#8220; background_layout=&#8220;dark&#8220; global_colors_info=&#8220;{}&#8220;]<\/p>\n<h3>MEPOSAD Fe-NbTiC 02 (316L)<\/h3>\n<p>Ein in-situ Metall Matrix Composite auf 316L-Basis mit Hochtemperaturausscheidungen f\u00fcr das Laser Powder Bed Fusion (L-PBF) Verfahren. <a href=\"\/fe-nbtic-02\/\">mehr lesen<\/a>[\/et_pb_text][\/et_pb_column][et_pb_column type=&#8220;1_3&#8243; _builder_version=&#8220;4.27.3&#8243; _module_preset=&#8220;default&#8220; background_color=&#8220;#868786&#8243; custom_padding=&#8220;20px|20px|20px|20px|true|true&#8220; global_colors_info=&#8220;{}&#8220;][et_pb_image src=&#8220;https:\/\/meposad.de\/wp-content\/uploads\/2025\/11\/Logo-Hochschule-Esslingen-980&#215;613-1.webp&#8220; title_text=&#8220;Logo Hochschule Esslingen 980&#215;613&#8243; _builder_version=&#8220;4.27.3&#8243; _module_preset=&#8220;default&#8220; global_colors_info=&#8220;{}&#8220;][\/et_pb_image][et_pb_text _builder_version=&#8220;4.27.3&#8243; _module_preset=&#8220;_initial&#8220; header_3_font=&#8220;||||||||&#8220; header_3_text_color=&#8220;#000000&#8243; header_3_font_size=&#8220;18px&#8220; background_layout=&#8220;dark&#8220; global_colors_info=&#8220;{}&#8220;]<\/p>\n<h3>Neue Legierungen f\u00fcr AM<\/h3>\n<p>Entwicklung neuer Pulverlegierungen f\u00fcr das Laser Powder Bed Fusion (L-PBF) Verfahren f\u00fcr Hochtemperaturanwendungen. Zusammenarbeit mit dem Labor f\u00fcr additive Fertigung (L3D), Fakult\u00e4t Maschinen und Systeme, Hochschule Esslingen<\/p>\n<p>[\/et_pb_text][\/et_pb_column][\/et_pb_row][et_pb_row column_structure=&#8220;1_3,1_3,1_3&#8243; use_custom_gutter=&#8220;on&#8220; gutter_width=&#8220;2&#8243; make_equal=&#8220;on&#8220; _builder_version=&#8220;4.27.4&#8243; _module_preset=&#8220;default&#8220; hover_enabled=&#8220;0&#8243; global_colors_info=&#8220;{}&#8220; sticky_enabled=&#8220;0&#8243;][et_pb_column type=&#8220;1_3&#8243; _builder_version=&#8220;4.27.3&#8243; _module_preset=&#8220;default&#8220; background_color=&#8220;#868786&#8243; custom_padding=&#8220;20px|20px|20px|20px|true|true&#8220; global_colors_info=&#8220;{}&#8220;][et_pb_image src=&#8220;https:\/\/meposad.de\/wp-content\/uploads\/2025\/11\/Logo-Hochschule-Esslingen-980&#215;613-1.webp&#8220; title_text=&#8220;Logo Hochschule Esslingen 980&#215;613&#8243; _builder_version=&#8220;4.27.3&#8243; _module_preset=&#8220;default&#8220; global_colors_info=&#8220;{}&#8220;][\/et_pb_image][et_pb_text _builder_version=&#8220;4.27.3&#8243; _module_preset=&#8220;_initial&#8220; header_3_font=&#8220;||||||||&#8220; header_3_text_color=&#8220;#000000&#8243; header_3_font_size=&#8220;18px&#8220; background_layout=&#8220;dark&#8220; global_colors_info=&#8220;{}&#8220;]<\/p>\n<h3>Neue Legierungen f\u00fcr AM<\/h3>\n<p>Entwicklung neuer Pulverlegierungen f\u00fcr das Laser Powder Bed Fusion (L-PBF) Verfahren f\u00fcr Hochtemperaturanwendungen. Zusammenarbeit mit dem Labor f\u00fcr additive Fertigung (L3D), Fakult\u00e4t Maschinen und Systeme, Hochschule Esslingen<\/p>\n<p>[\/et_pb_text][\/et_pb_column][et_pb_column type=&#8220;1_3&#8243; _builder_version=&#8220;4.27.3&#8243; _module_preset=&#8220;default&#8220; background_color=&#8220;#868786&#8243; custom_padding=&#8220;20px|20px|20px|20px|true|true&#8220; link_option_url=&#8220;\/meposad-fecr02\/&#8220; global_colors_info=&#8220;{}&#8220;][et_pb_image src=&#8220;https:\/\/meposad.de\/wp-content\/uploads\/2025\/11\/FeCr02-980&#215;613-1.webp&#8220; title_text=&#8220;FeCr02 980&#215;613&#8243; _builder_version=&#8220;4.27.3&#8243; _module_preset=&#8220;default&#8220; global_colors_info=&#8220;{}&#8220;][\/et_pb_image][et_pb_text _builder_version=&#8220;4.27.3&#8243; _module_preset=&#8220;_initial&#8220; header_3_font=&#8220;||||||||&#8220; header_3_text_color=&#8220;#000000&#8243; header_3_font_size=&#8220;18px&#8220; background_layout=&#8220;dark&#8220; global_colors_info=&#8220;{}&#8220;]<\/p>\n<h3>MEPOSAD FeCr02<\/h3>\n<p>Im Forschungsprojekt wurde eine Nickel-reduzierte, kosteneffiziente Alternative zu 304L Edelstahl f\u00fcr AM-Verfahren entwickelt.<br \/><a href=\"\/meposad-fecr02\/\">mehr lesen<\/a><\/p>\n<p>[\/et_pb_text][\/et_pb_column][et_pb_column type=&#8220;1_3&#8243; _builder_version=&#8220;4.27.3&#8243; _module_preset=&#8220;default&#8220; background_color=&#8220;#868786&#8243; custom_padding=&#8220;20px|20px|20px|20px|true|true&#8220; link_option_url=&#8220;\/meposad-fecr03\/&#8220; global_colors_info=&#8220;{}&#8220;][et_pb_image src=&#8220;https:\/\/meposad.de\/wp-content\/uploads\/2025\/11\/FeCr03-Generiert-980&#215;613-1.jpg&#8220; title_text=&#8220;FeCr03 Generiert 980&#215;613&#8243; _builder_version=&#8220;4.27.3&#8243; _module_preset=&#8220;default&#8220; global_colors_info=&#8220;{}&#8220;][\/et_pb_image][et_pb_text _builder_version=&#8220;4.27.3&#8243; _module_preset=&#8220;_initial&#8220; header_3_font=&#8220;||||||||&#8220; header_3_text_color=&#8220;#000000&#8243; header_3_font_size=&#8220;18px&#8220; background_layout=&#8220;dark&#8220; global_colors_info=&#8220;{}&#8220;]<\/p>\n<h3>MEPOSAD FeCr03<\/h3>\n<p>Im Projekt wurde ein Master-Alloy Pulver entwickelt, das die additive Fertigung von H13-Stahl effizienter und g\u00fcnstiger macht.<br \/><a href=\"\/meposad-fecr03\/\">mehr lesen<\/a><\/p>\n<p>[\/et_pb_text][\/et_pb_column][\/et_pb_row][et_pb_row column_structure=&#8220;1_3,1_3,1_3&#8243; use_custom_gutter=&#8220;on&#8220; gutter_width=&#8220;2&#8243; make_equal=&#8220;on&#8220; _builder_version=&#8220;4.27.3&#8243; _module_preset=&#8220;default&#8220; global_colors_info=&#8220;{}&#8220;][et_pb_column type=&#8220;1_3&#8243; _builder_version=&#8220;4.27.3&#8243; _module_preset=&#8220;default&#8220; background_color=&#8220;#868786&#8243; custom_padding=&#8220;20px|20px|20px|20px|true|true&#8220; link_option_url=&#8220;\/nial-01\/&#8220; global_colors_info=&#8220;{}&#8220;][et_pb_image src=&#8220;https:\/\/meposad.de\/wp-content\/uploads\/2025\/11\/NiAlMo-Pulver-980&#215;613-1.webp&#8220; title_text=&#8220;NiAlMo Pulver 980&#215;613&#8243; _builder_version=&#8220;4.27.3&#8243; _module_preset=&#8220;default&#8220; global_colors_info=&#8220;{}&#8220;][\/et_pb_image][et_pb_text _builder_version=&#8220;4.27.3&#8243; _module_preset=&#8220;_initial&#8220; header_3_font=&#8220;||||||||&#8220; header_3_text_color=&#8220;#000000&#8243; header_3_font_size=&#8220;18px&#8220; background_layout=&#8220;dark&#8220; global_colors_info=&#8220;{}&#8220;]<\/p>\n<h3>NiAl 01<\/h3>\n<p>Das NiAlMo Pulver zur Herstellung von Raney-Ni Elektroden f\u00fcr H2-Erzeugung.<\/br><br \/>\n<a href=\"\/nial-01\/\">mehr lesen<\/a>[\/et_pb_text][\/et_pb_column][et_pb_column _builder_version=&#8220;4.27.4&#8243; _module_preset=&#8220;default&#8220; type=&#8220;1_3&#8243;][\/et_pb_column][et_pb_column _builder_version=&#8220;4.27.4&#8243; _module_preset=&#8220;default&#8220; type=&#8220;1_3&#8243;][\/et_pb_column][\/et_pb_row][et_pb_row _builder_version=&#8220;4.27.3&#8243; _module_preset=&#8220;default&#8220; global_colors_info=&#8220;{}&#8220;][et_pb_column type=&#8220;4_4&#8243; _builder_version=&#8220;4.27.3&#8243; _module_preset=&#8220;default&#8220; global_colors_info=&#8220;{}&#8220;][\/et_pb_column][\/et_pb_row][\/et_pb_section]<\/p>\n","protected":false},"excerpt":{"rendered":"<p>Referenzen \u2013 Innovationen aus unseren F&#038;E-Projekten Wir sind aktiv in Forschungs- und Entwicklungsprojekten t\u00e4tig \u2013 sowohl als Auftragsentwickler f\u00fcr unsere Kunden als auch mit eigenen Innovationsinitiativen.Durch unsere ma\u00dfgeschneiderten Pulverl\u00f6sungen verwirklichen wir die Visionen unserer Kunden und tragen dazu bei, neue Werkstoffkonzepte in die Praxis umzusetzen. Wir stellen uns gerne den Herausforderungen und vertiefen unser Know-how [&hellip;]<\/p>\n","protected":false},"author":2,"featured_media":0,"parent":0,"menu_order":0,"comment_status":"closed","ping_status":"closed","template":"","meta":{"_et_pb_use_builder":"on","_et_pb_old_content":"","_et_gb_content_width":"","footnotes":""},"class_list":["post-111","page","type-page","status-publish","hentry"],"_links":{"self":[{"href":"https:\/\/meposad.de\/en\/wp-json\/wp\/v2\/pages\/111","targetHints":{"allow":["GET"]}}],"collection":[{"href":"https:\/\/meposad.de\/en\/wp-json\/wp\/v2\/pages"}],"about":[{"href":"https:\/\/meposad.de\/en\/wp-json\/wp\/v2\/types\/page"}],"author":[{"embeddable":true,"href":"https:\/\/meposad.de\/en\/wp-json\/wp\/v2\/users\/2"}],"replies":[{"embeddable":true,"href":"https:\/\/meposad.de\/en\/wp-json\/wp\/v2\/comments?post=111"}],"version-history":[{"count":20,"href":"https:\/\/meposad.de\/en\/wp-json\/wp\/v2\/pages\/111\/revisions"}],"predecessor-version":[{"id":829,"href":"https:\/\/meposad.de\/en\/wp-json\/wp\/v2\/pages\/111\/revisions\/829"}],"wp:attachment":[{"href":"https:\/\/meposad.de\/en\/wp-json\/wp\/v2\/media?parent=111"}],"curies":[{"name":"wp","href":"https:\/\/api.w.org\/{rel}","templated":true}]}}