{"id":279,"date":"2024-11-19T09:26:12","date_gmt":"2024-11-19T09:26:12","guid":{"rendered":"https:\/\/meposad.de\/?page_id=279"},"modified":"2026-03-12T14:05:56","modified_gmt":"2026-03-12T14:05:56","slug":"impressum","status":"publish","type":"page","link":"https:\/\/meposad.de\/en\/impressum\/","title":{"rendered":"Imprint"},"content":{"rendered":"<p>[et_pb_section fb_built=&#8220;1&#8243; admin_label=&#8220;Headbanner&#8220; _builder_version=&#8220;4.27.2&#8243; _module_preset=&#8220;default&#8220; global_colors_info=&#8220;{}&#8220;][et_pb_row _builder_version=&#8220;4.27.2&#8243; _module_preset=&#8220;default&#8220; width=&#8220;100%&#8220; max_width=&#8220;100%&#8220; custom_padding=&#8220;0px||0px||false|false&#8220; global_colors_info=&#8220;{}&#8220;][et_pb_column type=&#8220;4_4&#8243; _builder_version=&#8220;4.27.2&#8243; _module_preset=&#8220;default&#8220; global_colors_info=&#8220;{}&#8220;][et_pb_image src=&#8220;https:\/\/meposad.de\/wp-content\/uploads\/2024\/11\/Montage_Headerbanner_V7.jpg&#8220; title_text=&#8220;Montage Headerbanner V7&#8243; force_fullwidth=&#8220;on&#8220; _builder_version=&#8220;4.27.3&#8243; _module_preset=&#8220;default&#8220; global_colors_info=&#8220;{}&#8220;][\/et_pb_image][\/et_pb_column][\/et_pb_row][\/et_pb_section][et_pb_section fb_built=&#8220;1&#8243; admin_label=&#8220;Abschnitt 1&#8243; _builder_version=&#8220;4.27.2&#8243; _module_preset=&#8220;default&#8220; custom_padding=&#8220;50px||0px||false|false&#8220; global_colors_info=&#8220;{}&#8220;][et_pb_row _builder_version=&#8220;4.27.2&#8243; _module_preset=&#8220;default&#8220; global_colors_info=&#8220;{}&#8220;][et_pb_column type=&#8220;4_4&#8243; _builder_version=&#8220;4.27.2&#8243; _module_preset=&#8220;default&#8220; global_colors_info=&#8220;{}&#8220;][et_pb_text _builder_version=&#8220;4.27.3&#8243; _module_preset=&#8220;default&#8220; header_font_size_tablet=&#8220;24px&#8220; header_font_size_phone=&#8220;17px&#8220; header_font_size_last_edited=&#8220;on|tablet&#8220; global_colors_info=&#8220;{}&#8220;]<\/p>\n<h1>Impressum<\/h1>\n<p>[\/et_pb_text][et_pb_text _builder_version=&#8220;4.27.4&#8243; _module_preset=&#8220;default&#8220; hover_enabled=&#8220;0&#8243; global_colors_info=&#8220;{}&#8220; sticky_enabled=&#8220;0&#8243;]<\/p>\n<p>Herausgeber<\/p>\n<p>MTS Metal Powder GmbH &amp; Co. KG<br \/>Schulstr. 41<br \/>D\u201170794 Filderstadt<\/p>\n<p>Registergericht: AG Stuttgart \u2028Registernummer: HRA : 735749<\/p>\n<p>vertreten durch den pers\u00f6nlich haftenden Gesellschafter:<br \/>die MTS Metal Powder Verwaltungs-GmbH<br \/>Schulstr. 41<br \/>D\u201170794 Filderstadt<\/p>\n<p>Registergericht: AG Stuttgart \u2028Registernummer: HRB 770312<br \/>vertreten durch den Gesch\u00e4ftsf\u00fchrer:<br \/>Alexander H\u00f6hne<\/p>\n<p>Telefon: +49 (0) 711 22 0549\u00a070<\/p>\n<p>E\u2011Mail: <a href=\"mailto:info@ferrosad.com\">info@meposad.de<\/a><\/p>\n<p>Umsatzsteuer-Identifikationsnummer gem\u00e4\u00df \u00a727 a Umsatzsteuergesetz: DE 324613672<\/p>\n<p>[\/et_pb_text][\/et_pb_column][\/et_pb_row][\/et_pb_section]<\/p>\n","protected":false},"excerpt":{"rendered":"<p>ImpressumHerausgeber MTS Metal Powder GmbH &amp; Co. KGSchulstr. 41D\u201170794 Filderstadt Registergericht: AG Stuttgart \u2028Registernummer: HRA : 735749 vertreten durch den pers\u00f6nlich haftenden Gesellschafter:die MTS Metal Powder Verwaltungs-GmbHSchulstr. 41D\u201170794 Filderstadt Registergericht: AG Stuttgart \u2028Registernummer: HRB 770312vertreten durch den Gesch\u00e4ftsf\u00fchrer:Alexander H\u00f6hne Telefon: +49 (0) 711 22 0549\u00a070 E\u2011Mail: info@meposad.de Umsatzsteuer-Identifikationsnummer gem\u00e4\u00df \u00a727 a Umsatzsteuergesetz: DE 324613672<\/p>","protected":false},"author":1,"featured_media":0,"parent":0,"menu_order":0,"comment_status":"closed","ping_status":"closed","template":"","meta":{"_et_pb_use_builder":"on","_et_pb_old_content":"","_et_gb_content_width":"","footnotes":""},"class_list":["post-279","page","type-page","status-publish","hentry"],"_links":{"self":[{"href":"https:\/\/meposad.de\/en\/wp-json\/wp\/v2\/pages\/279","targetHints":{"allow":["GET"]}}],"collection":[{"href":"https:\/\/meposad.de\/en\/wp-json\/wp\/v2\/pages"}],"about":[{"href":"https:\/\/meposad.de\/en\/wp-json\/wp\/v2\/types\/page"}],"author":[{"embeddable":true,"href":"https:\/\/meposad.de\/en\/wp-json\/wp\/v2\/users\/1"}],"replies":[{"embeddable":true,"href":"https:\/\/meposad.de\/en\/wp-json\/wp\/v2\/comments?post=279"}],"version-history":[{"count":6,"href":"https:\/\/meposad.de\/en\/wp-json\/wp\/v2\/pages\/279\/revisions"}],"predecessor-version":[{"id":862,"href":"https:\/\/meposad.de\/en\/wp-json\/wp\/v2\/pages\/279\/revisions\/862"}],"wp:attachment":[{"href":"https:\/\/meposad.de\/en\/wp-json\/wp\/v2\/media?parent=279"}],"curies":[{"name":"wp","href":"https:\/\/api.w.org\/{rel}","templated":true}]}}