{"id":741,"date":"2025-11-18T13:28:53","date_gmt":"2025-11-18T13:28:53","guid":{"rendered":"https:\/\/meposad.de\/?page_id=741"},"modified":"2025-11-18T13:28:53","modified_gmt":"2025-11-18T13:28:53","slug":"nial-01","status":"publish","type":"page","link":"https:\/\/meposad.de\/en\/nial-01\/","title":{"rendered":"NiAl 01"},"content":{"rendered":"<p>[et_pb_section fb_built=&#8220;1&#8243; custom_padding=&#8220;0px||||false|false&#8220; _builder_version=&#8220;4.27.2&#8243; _module_preset=&#8220;_initial&#8220; locked=&#8220;off&#8220; global_colors_info=&#8220;{}&#8220; theme_builder_area=&#8220;post_content&#8220;][et_pb_row _builder_version=&#8220;4.27.2&#8243; _module_preset=&#8220;default&#8220; width=&#8220;100%&#8220; max_width=&#8220;100%&#8220; custom_padding=&#8220;0px||||false|false&#8220; global_colors_info=&#8220;{}&#8220; theme_builder_area=&#8220;post_content&#8220;][et_pb_column type=&#8220;4_4&#8243; _builder_version=&#8220;4.27.2&#8243; _module_preset=&#8220;default&#8220; global_colors_info=&#8220;{}&#8220; theme_builder_area=&#8220;post_content&#8220;][et_pb_image src=&#8220;https:\/\/meposad.de\/wp-content\/uploads\/2025\/11\/NiAlMo-Pulver-1920&#215;400-1.webp&#8220; title_text=&#8220;NiAlMo Pulver 1920&#215;400&#8243; force_fullwidth=&#8220;on&#8220; _builder_version=&#8220;4.27.3&#8243; _module_preset=&#8220;default&#8220; global_colors_info=&#8220;{}&#8220; custom_padding__hover_enabled=&#8220;on|desktop&#8220; theme_builder_area=&#8220;post_content&#8220;][\/et_pb_image][\/et_pb_column][\/et_pb_row][et_pb_row _builder_version=&#8220;4.27.2&#8243; _module_preset=&#8220;default&#8220; global_colors_info=&#8220;{}&#8220; theme_builder_area=&#8220;post_content&#8220;][et_pb_column type=&#8220;4_4&#8243; _builder_version=&#8220;4.27.2&#8243; _module_preset=&#8220;default&#8220; global_colors_info=&#8220;{}&#8220; theme_builder_area=&#8220;post_content&#8220;][et_pb_text header_font=&#8220;||||||||&#8220; admin_label=&#8220;Text&#8220; _builder_version=&#8220;4.27.3&#8243; _module_preset=&#8220;_initial&#8220; global_colors_info=&#8220;{}&#8220; theme_builder_area=&#8220;post_content&#8220;]<\/p>\n<h1>NiAl 01<\/h1>\n<p>[\/et_pb_text][et_pb_text _builder_version=&#8220;4.27.3&#8243; _module_preset=&#8220;_initial&#8220; global_colors_info=&#8220;{}&#8220; theme_builder_area=&#8220;post_content&#8220;]<\/p>\n<table style=\"width: 100%; border-collapse: collapse; border: 2px solid #be1e2d; height: 48px;\">\n<tbody>\n<tr style=\"height: 24px;\">\n<td style=\"width: 14.2857%; border: 2px solid #be1e2d; text-align: center; height: 24px;\">Ni<\/td>\n<td style=\"width: 14.2857%; border: 2px solid #be1e2d; text-align: center; height: 24px;\">Al<\/td>\n<td style=\"width: 14.2857%; border: 2px solid #be1e2d; text-align: center; height: 24px;\">Mo<\/td>\n<\/tr>\n<tr style=\"height: 24px;\">\n<td style=\"width: 14.2857%; border: 2px solid #be1e2d; text-align: center; height: 24px;\">XX.X<\/td>\n<td style=\"width: 14.2857%; border: 2px solid #be1e2d; text-align: center; height: 24px;\">XX.X<\/td>\n<td style=\"width: 14.2857%; border: 2px solid #be1e2d; text-align: center; height: 24px;\">XX.X<\/td>\n<\/tr>\n<\/tbody>\n<\/table>\n<p>[\/et_pb_text][et_pb_text _builder_version=&#8220;4.27.3&#8243; _module_preset=&#8220;_initial&#8220; link_font=&#8220;||||on||||&#8220; global_colors_info=&#8220;{}&#8220; theme_builder_area=&#8220;post_content&#8220;]<\/p>\n<p>Projekt: <strong>Energiegewinnung Verlinkung mit Paper<\/strong><\/p>\n<p>Besonderheit: Das Pulver zur Beschichtung von Katalysatoren zur H2-Erzeugung. Raney-Nickel<\/p>\n<p>Im Rahmen des Projekts hat unser Unternehmen ein innovatives NiAlMo-Pulver produziert und geliefert. Dabei wurden mehrere technische Herausforderungen bei dem VIGA Prozess neuer,<b> Ni-basierten Legierungen mit hohem Al- und Mo-Anteile<\/b> erfolgreich gel\u00f6st. Das resultierte Pulver mit einer optimalen Flie\u00dff\u00e4higkeit und Sch\u00fcttdichte sowie einer homogenen Elementverteilung ist perfekt geeignet f\u00fcr\u00a0 einen Beschichtungsprozess.<\/p>\n<p>Eine in <a href=\"https:\/\/doi.org\/10.1038\/s41598-020-67954-y\"><i>Nature Scientific Reports<\/i> ver\u00f6ffentlichte Studie<\/a> zeigt das gro\u00dfe <b>Potenzial dieser Legierungsklasse f\u00fcr die nachhaltige Wasserstoffproduktion<\/b>. Durch gezielte Steuerung der Prozessparameter im <b>Atmosph\u00e4rischen Plasmaspritzen (APS)<\/b> konnte eine <b>freistehende, bindemittelfreie <\/b><b>Raney<\/b><b>-Typ-Elektrode<\/b> hergestellt werden, die im alkalischen Medium eine au\u00dfergew\u00f6hnlich hohe katalytische Aktivit\u00e4t f\u00fcr die <b>Wasserstoffentwicklungsreaktion (HER)<\/b> aufweist.<\/p>\n<p>[\/et_pb_text][\/et_pb_column][\/et_pb_row][et_pb_row _builder_version=&#8220;4.27.2&#8243; _module_preset=&#8220;default&#8220; global_colors_info=&#8220;{}&#8220; theme_builder_area=&#8220;post_content&#8220;][et_pb_column type=&#8220;4_4&#8243; _builder_version=&#8220;4.27.2&#8243; _module_preset=&#8220;default&#8220; global_colors_info=&#8220;{}&#8220; theme_builder_area=&#8220;post_content&#8220;][et_pb_slider disabled_on=&#8220;on|on|on&#8220; _builder_version=&#8220;4.27.2&#8243; _module_preset=&#8220;default&#8220; min_height=&#8220;600px&#8220; min_height_tablet=&#8220;350px&#8220; min_height_phone=&#8220;175px&#8220; min_height_last_edited=&#8220;on|phone&#8220; disabled=&#8220;on&#8220; global_colors_info=&#8220;{}&#8220; theme_builder_area=&#8220;post_content&#8220;][et_pb_slide _builder_version=&#8220;4.27.2&#8243; _module_preset=&#8220;default&#8220; background_color=&#8220;RGBA(255,255,255,0)&#8220; background_enable_color=&#8220;on&#8220; background_image=&#8220;https:\/\/meposad.de\/wp-content\/uploads\/2024\/10\/Maschine.png-14.png&#8220; background_enable_image=&#8220;on&#8220; global_colors_info=&#8220;{}&#8220; sticky_transition=&#8220;on&#8220; theme_builder_area=&#8220;post_content&#8220;][\/et_pb_slide][et_pb_slide _builder_version=&#8220;4.27.2&#8243; _module_preset=&#8220;default&#8220; background_color=&#8220;RGBA(255,255,255,0)&#8220; background_enable_color=&#8220;on&#8220; background_image=&#8220;https:\/\/meposad.de\/wp-content\/uploads\/2024\/10\/Maschine-9.png&#8220; background_enable_image=&#8220;on&#8220; global_colors_info=&#8220;{}&#8220; sticky_transition=&#8220;on&#8220; theme_builder_area=&#8220;post_content&#8220;][\/et_pb_slide][et_pb_slide _builder_version=&#8220;4.27.2&#8243; _module_preset=&#8220;default&#8220; background_color=&#8220;RGBA(255,255,255,0)&#8220; background_enable_color=&#8220;on&#8220; background_image=&#8220;https:\/\/meposad.de\/wp-content\/uploads\/2024\/10\/Maschine-2.png&#8220; background_enable_image=&#8220;on&#8220; global_colors_info=&#8220;{}&#8220; sticky_transition=&#8220;on&#8220; theme_builder_area=&#8220;post_content&#8220;][\/et_pb_slide][\/et_pb_slider][\/et_pb_column][\/et_pb_row][et_pb_row _builder_version=&#8220;4.27.3&#8243; _module_preset=&#8220;default&#8220; global_colors_info=&#8220;{}&#8220; theme_builder_area=&#8220;post_content&#8220;][et_pb_column type=&#8220;4_4&#8243; _builder_version=&#8220;4.27.3&#8243; _module_preset=&#8220;default&#8220; global_colors_info=&#8220;{}&#8220; theme_builder_area=&#8220;post_content&#8220;][\/et_pb_column][\/et_pb_row][\/et_pb_section]<\/p>\n","protected":false},"excerpt":{"rendered":"<p>NiAl 01 Ni Al Mo XX.X XX.X XX.X Projekt: Energiegewinnung Verlinkung mit Paper Besonderheit: Das Pulver zur Beschichtung von Katalysatoren zur H2-Erzeugung. Raney-Nickel Im Rahmen des Projekts hat unser Unternehmen ein innovatives NiAlMo-Pulver produziert und geliefert. Dabei wurden mehrere technische Herausforderungen bei dem VIGA Prozess neuer, Ni-basierten Legierungen mit hohem Al- und Mo-Anteile erfolgreich gel\u00f6st. [&hellip;]<\/p>\n","protected":false},"author":2,"featured_media":0,"parent":0,"menu_order":0,"comment_status":"closed","ping_status":"closed","template":"","meta":{"_et_pb_use_builder":"on","_et_pb_old_content":"","_et_gb_content_width":"","footnotes":""},"class_list":["post-741","page","type-page","status-publish","hentry"],"_links":{"self":[{"href":"https:\/\/meposad.de\/en\/wp-json\/wp\/v2\/pages\/741","targetHints":{"allow":["GET"]}}],"collection":[{"href":"https:\/\/meposad.de\/en\/wp-json\/wp\/v2\/pages"}],"about":[{"href":"https:\/\/meposad.de\/en\/wp-json\/wp\/v2\/types\/page"}],"author":[{"embeddable":true,"href":"https:\/\/meposad.de\/en\/wp-json\/wp\/v2\/users\/2"}],"replies":[{"embeddable":true,"href":"https:\/\/meposad.de\/en\/wp-json\/wp\/v2\/comments?post=741"}],"version-history":[{"count":3,"href":"https:\/\/meposad.de\/en\/wp-json\/wp\/v2\/pages\/741\/revisions"}],"predecessor-version":[{"id":783,"href":"https:\/\/meposad.de\/en\/wp-json\/wp\/v2\/pages\/741\/revisions\/783"}],"wp:attachment":[{"href":"https:\/\/meposad.de\/en\/wp-json\/wp\/v2\/media?parent=741"}],"curies":[{"name":"wp","href":"https:\/\/api.w.org\/{rel}","templated":true}]}}