{"id":798,"date":"2025-11-18T13:28:35","date_gmt":"2025-11-18T13:28:35","guid":{"rendered":"https:\/\/meposad.de\/?page_id=798"},"modified":"2026-03-13T15:55:58","modified_gmt":"2026-03-13T15:55:58","slug":"ueber-uns","status":"publish","type":"page","link":"https:\/\/meposad.de\/en\/ueber-uns\/","title":{"rendered":"\u00dcber uns"},"content":{"rendered":"<p>[et_pb_section fb_built=&#8220;1&#8243; admin_label=&#8220;Headbanner&#8220; _builder_version=&#8220;4.27.2&#8243; _module_preset=&#8220;_initial&#8220; global_colors_info=&#8220;{}&#8220;][et_pb_row _builder_version=&#8220;4.27.2&#8243; _module_preset=&#8220;default&#8220; width=&#8220;100%&#8220; max_width=&#8220;100%&#8220; custom_padding=&#8220;0px||0px||false|false&#8220; global_colors_info=&#8220;{}&#8220;][et_pb_column type=&#8220;4_4&#8243; _builder_version=&#8220;4.27.2&#8243; _module_preset=&#8220;default&#8220; global_colors_info=&#8220;{}&#8220;][et_pb_video src=&#8220;https:\/\/meposad.de\/wp-content\/uploads\/2024\/10\/Platzhalter_Home.mp4&#8243; disabled_on=&#8220;on|on|on&#8220; _builder_version=&#8220;4.27.3&#8243; _module_preset=&#8220;default&#8220; disabled=&#8220;on&#8220; global_colors_info=&#8220;{}&#8220;][\/et_pb_video][et_pb_image src=&#8220;https:\/\/meposad.de\/wp-content\/uploads\/2026\/03\/MTS_Montage_Headerbanner.jpg&#8220; title_text=&#8220;MTS Montage Headerbanner&#8220; force_fullwidth=&#8220;on&#8220; _builder_version=&#8220;4.27.4&#8243; _module_preset=&#8220;default&#8220; custom_margin=&#8220;0px||0px||false|false&#8220; custom_padding=&#8220;0px||0px||false|false&#8220; hover_enabled=&#8220;0&#8243; global_colors_info=&#8220;{}&#8220; sticky_enabled=&#8220;0&#8243;][\/et_pb_image][\/et_pb_column][\/et_pb_row][\/et_pb_section][et_pb_section fb_built=&#8220;1&#8243; admin_label=&#8220;Abschnitt 1&#8243; _builder_version=&#8220;4.27.2&#8243; _module_preset=&#8220;_initial&#8220; custom_padding=&#8220;50px||0px||false|false&#8220; global_colors_info=&#8220;{}&#8220;][et_pb_row _builder_version=&#8220;4.27.2&#8243; _module_preset=&#8220;default&#8220; global_colors_info=&#8220;{}&#8220;][et_pb_column type=&#8220;4_4&#8243; _builder_version=&#8220;4.27.2&#8243; _module_preset=&#8220;default&#8220; global_colors_info=&#8220;{}&#8220;][et_pb_text _builder_version=&#8220;4.27.3&#8243; _module_preset=&#8220;_initial&#8220; header_font_size_tablet=&#8220;24px&#8220; header_font_size_phone=&#8220;17px&#8220; header_font_size_last_edited=&#8220;on|desktop&#8220; global_colors_info=&#8220;{}&#8220;]<\/p>\n<h1><strong>Unternehmenspolitik<\/strong><span style=\"color: #bd1321;\"><\/span><\/h1>\n<p>[\/et_pb_text][et_pb_text _builder_version=&#8220;4.27.3&#8243; _module_preset=&#8220;_initial&#8220; global_colors_info=&#8220;{}&#8220;]<\/p>\n<p><h2>Unsere Grunds\u00e4tze<\/h2>\n<ul>\n<li>Kundenorientierung und Kundenzufriedenheit<\/li>\n<li>St\u00e4ndige Verbesserung unserer Qualit\u00e4tsleistungen<\/li>\n<li>Einhaltung aller gesetzlichen Verpflichtungen<\/li>\n<\/ul>\n<p><h3>Unsere Haltung<\/h3>\n<p>Der Erfolg unseres Unternehmens basiert ma\u00dfgeblich auf der Qualit\u00e4t unserer Leistungen und Produkte. Nur wenn wir gemeinsam in der Lage sind, Ergebnisse zu liefern, die den Anforderungen unserer Kunden, den gesetzlichen Vorschriften und unseren eigenen Standards entsprechen, bleiben wir wettbewerbsf\u00e4hig. <\/p>\n<p>Wir legen gro\u00dfen Wert auf sichere und soziale Arbeitspl\u00e4tze sowie auf die Zufriedenheit unserer Mitarbeiterinnen und Mitarbeiter. Von ihnen erwarten wir eine aktive Beteiligung am Managementsystem \u2013 denn st\u00e4ndige Verbesserung ist ein gemeinsames Ziel. Der pers\u00f6nliche Kontakt zu unseren Kunden hat f\u00fcr uns einen hohen Stellenwert. Um unsere Unternehmenspolitik umzusetzen, hat die Gesch\u00e4ftsf\u00fchrung folgende \u00fcbergeordnete Ziele festgelegt:<\/p>\n<ul>\n<li>Fehler vermeiden, statt sie im Nachhinein zu korrigieren<\/li>\n<li>Das Prinzip der \u201eKunden-\/Lieferantenbeziehung\u201c im Unternehmen leben<\/li>\n<li>Die Bed\u00fcrfnisse unserer Gesch\u00e4ftspartner durch fachkundige Beratung und qualitativ hochwertige Produkte erf\u00fcllen<\/li>\n<li>Vertrauen durch verantwortungsvolles Handeln und t\u00e4gliche Leistung aufbauen und erhalten<\/li>\n<li>Festgelegte Qualit\u00e4tsanforderungen konsequent einhalten<\/li>\n<li>Die Organisation stetig verbessern<\/li>\n<li>Gesetzliche und beh\u00f6rdliche Vorschriften beachten<\/li>\n<li>Ressourcen effizient und umweltschonend einsetzen<\/li>\n<\/ul>\n<\/p>\n<p><h2>Qualit\u00e4tspolitik<\/h2>\n<p>Im Rahmen unserer unternehmerischen Verantwortung legen wir hiermit unsere Qualit\u00e4tspolitik fest. Unser Qualit\u00e4tsmanagement-System beschreibt die festgelegten Anforderungen und sorgt daf\u00fcr, dass alle T\u00e4tigkeiten, die Einfluss auf unsere Leistungen haben, geplant, gesteuert und \u00fcberwacht werden. So stellen wir sicher, dass alle vertraglichen und qualitativen Anforderungen erf\u00fcllt werden. Die Gesch\u00e4ftsf\u00fchrung verpflichtet alle Mitarbeiterinnen, Mitarbeiter und Lieferanten, ihre T\u00e4tigkeiten gem\u00e4\u00df den Vorgaben des QM-Systems auszuf\u00fchren. So gew\u00e4hrleisten wir, dass die Qualit\u00e4t unserer Produkte und Dienstleistungen stets den internen und externen Anforderungen entspricht. Durch regelm\u00e4\u00dfige Bewertungen, interne Audits und Leistungsanalysen pr\u00fcft die Gesch\u00e4ftsf\u00fchrung die Wirksamkeit des QM-Systems. Wir stellen alle erforderlichen Mittel zur Verf\u00fcgung, um unsere Qualit\u00e4tsziele zu erreichen und die Qualit\u00e4tspolitik umzusetzen. Wir verpflichten uns zur kontinuierlichen Verbesserung und Weiterentwicklung unseres Qualit\u00e4tsmanagement-Systems.<\/p>\n<p>\nDie gleichbleibend hohe Qualit\u00e4t unserer Produkte und Dienstleistungen ist eine zentrale Grundlage unseres Erfolgs. Qualit\u00e4t bedeutet f\u00fcr uns, die Erwartungen unserer Kunden und anderer Interessengruppen bestm\u00f6glich zu erf\u00fcllen. Qualit\u00e4t ist ein fester Bestandteil unseres t\u00e4glichen Handelns \u2013 und schafft eine verl\u00e4ssliche Verbindung zu unseren Kunden. Qualit\u00e4tsbewusstes Arbeiten hei\u00dft f\u00fcr uns auch, verantwortungsvoll mit Ressourcen umzugehen. Alle Mitarbeiterinnen und Mitarbeiter haben das Recht und die Pflicht, aktiv dazu beizutragen, Hindernisse zu beseitigen, die unsere Leistung beeintr\u00e4chtigen. Kontinuierliche Verbesserung ist f\u00fcr uns nicht nur ein Qualit\u00e4tsziel, sondern auch ein wichtiger Beitrag zur Kostensenkung und zum Umweltschutz. Eine klare Organisation und moderne Methoden des Qualit\u00e4tsmanagements bilden daf\u00fcr den Rahmen. Jede Mitarbeiterin und jeder Mitarbeiter ist verpflichtet, die geltenden Regelungen im eigenen Verantwortungsbereich anzuwenden, deren Wirksamkeit regelm\u00e4\u00dfig zu pr\u00fcfen und sie neuen Anforderungen anzupassen. Dieses gemeinsame Qualit\u00e4tsverst\u00e4ndnis und -bewusstsein sind die Grundlage f\u00fcr zufriedene Kunden \u2013 und damit f\u00fcr den langfristigen Erfolg unseres Unternehmens.\n<\/p>\n<\/p>\n<p>[\/et_pb_text][\/et_pb_column][\/et_pb_row][\/et_pb_section][et_pb_section fb_built=&#8220;1&#8243; disabled_on=&#8220;on|on|on&#8220; admin_label=&#8220;Abschnitt 4&#8243; _builder_version=&#8220;4.27.2&#8243; _module_preset=&#8220;_initial&#8220; disabled=&#8220;on&#8220; global_colors_info=&#8220;{}&#8220;][et_pb_row _builder_version=&#8220;4.27.2&#8243; _module_preset=&#8220;default&#8220; global_colors_info=&#8220;{}&#8220;][et_pb_column type=&#8220;4_4&#8243; _builder_version=&#8220;4.27.2&#8243; _module_preset=&#8220;default&#8220; global_colors_info=&#8220;{}&#8220;][et_pb_text _builder_version=&#8220;4.27.2&#8243; _module_preset=&#8220;_initial&#8220; global_colors_info=&#8220;{}&#8220;]<\/p>\n<h2>Blog<\/h2>\n<p>[\/et_pb_text][\/et_pb_column][\/et_pb_row][et_pb_row use_custom_gutter=&#8220;on&#8220; gutter_width=&#8220;2&#8243; _builder_version=&#8220;4.27.3&#8243; _module_preset=&#8220;default&#8220; background_color=&#8220;RGBA(255,255,255,0)&#8220; custom_padding=&#8220;0px||||false|false&#8220; global_colors_info=&#8220;{}&#8220;][et_pb_column type=&#8220;4_4&#8243; _builder_version=&#8220;4.27.2&#8243; _module_preset=&#8220;default&#8220; global_colors_info=&#8220;{}&#8220;][et_pb_blog fullwidth=&#8220;off&#8220; include_categories=&#8220;8,current,10,12,9,11&#8243; show_more=&#8220;on&#8220; show_author=&#8220;off&#8220; show_date=&#8220;off&#8220; show_categories=&#8220;off&#8220; _builder_version=&#8220;4.27.2&#8243; _module_preset=&#8220;default&#8220; header_text_color=&#8220;#000000&#8243; body_text_color=&#8220;#FFFFFF&#8220; read_more_text_color=&#8220;#BD1321&#8243; background_enable_color=&#8220;off&#8220; border_width_all=&#8220;0px&#8220; border_color_all_image=&#8220;#656665&#8243; global_colors_info=&#8220;{}&#8220; custom_css_main_element__hover_enabled=&#8220;off|desktop&#8220;][\/et_pb_blog][\/et_pb_column][\/et_pb_row][et_pb_row _builder_version=&#8220;4.27.2&#8243; _module_preset=&#8220;default&#8220; global_colors_info=&#8220;{}&#8220;][et_pb_column type=&#8220;4_4&#8243; _builder_version=&#8220;4.27.2&#8243; _module_preset=&#8220;default&#8220; global_colors_info=&#8220;{}&#8220;][\/et_pb_column][\/et_pb_row][et_pb_row _builder_version=&#8220;4.27.3&#8243; _module_preset=&#8220;default&#8220; global_colors_info=&#8220;{}&#8220;][et_pb_column type=&#8220;4_4&#8243; _builder_version=&#8220;4.27.3&#8243; _module_preset=&#8220;default&#8220; global_colors_info=&#8220;{}&#8220;][\/et_pb_column][\/et_pb_row][\/et_pb_section]<\/p>\n","protected":false},"excerpt":{"rendered":"<p>Unternehmenspolitik Unsere Grunds\u00e4tze Kundenorientierung und Kundenzufriedenheit St\u00e4ndige Verbesserung unserer Qualit\u00e4tsleistungen Einhaltung aller gesetzlichen Verpflichtungen Unsere Haltung Der Erfolg unseres Unternehmens basiert ma\u00dfgeblich auf der Qualit\u00e4t unserer Leistungen und Produkte. Nur wenn wir gemeinsam in der Lage sind, Ergebnisse zu liefern, die den Anforderungen unserer Kunden, den gesetzlichen Vorschriften und unseren eigenen Standards entsprechen, bleiben wir [&hellip;]<\/p>\n","protected":false},"author":1,"featured_media":0,"parent":0,"menu_order":0,"comment_status":"closed","ping_status":"closed","template":"","meta":{"_et_pb_use_builder":"on","_et_pb_old_content":"","_et_gb_content_width":"","footnotes":""},"class_list":["post-798","page","type-page","status-publish","hentry"],"_links":{"self":[{"href":"https:\/\/meposad.de\/en\/wp-json\/wp\/v2\/pages\/798","targetHints":{"allow":["GET"]}}],"collection":[{"href":"https:\/\/meposad.de\/en\/wp-json\/wp\/v2\/pages"}],"about":[{"href":"https:\/\/meposad.de\/en\/wp-json\/wp\/v2\/types\/page"}],"author":[{"embeddable":true,"href":"https:\/\/meposad.de\/en\/wp-json\/wp\/v2\/users\/1"}],"replies":[{"embeddable":true,"href":"https:\/\/meposad.de\/en\/wp-json\/wp\/v2\/comments?post=798"}],"version-history":[{"count":4,"href":"https:\/\/meposad.de\/en\/wp-json\/wp\/v2\/pages\/798\/revisions"}],"predecessor-version":[{"id":888,"href":"https:\/\/meposad.de\/en\/wp-json\/wp\/v2\/pages\/798\/revisions\/888"}],"wp:attachment":[{"href":"https:\/\/meposad.de\/en\/wp-json\/wp\/v2\/media?parent=798"}],"curies":[{"name":"wp","href":"https:\/\/api.w.org\/{rel}","templated":true}]}}